{"id":10000,"date":"2020-08-19T15:06:09","date_gmt":"2020-08-19T19:06:09","guid":{"rendered":"https:\/\/www.cngov.ca\/community-private-housing\/"},"modified":"2021-04-15T09:16:18","modified_gmt":"2021-04-15T13:16:18","slug":"community-private-housing","status":"publish","type":"page","link":"https:\/\/www.cngov.ca\/fr\/community-private-housing\/","title":{"rendered":"Initiative en mati\u00e8re de logement priv\u00e9 communautaire"},"content":{"rendered":"<p>Le 27\u00a0mai 2020, le gouvernement de la Nation crie a approuv\u00e9 l\u2019Initiative en mati\u00e8re de logement priv\u00e9 communautaire. Cette nouvelle initiative de programme fait partie de la Strat\u00e9gie de logement de la Nation crie et vise \u00e0\u00a0:<\/p>\n<ol>\n<li>stimuler la construction de nouvelles maisons priv\u00e9es pour les g\u00e9n\u00e9rations de Cris actuelles et futures vivant dans les communaut\u00e9s cries d\u2019Eeyou Istchee\u2009;<\/li>\n<li>encourager et appuyer l\u2019acc\u00e8s des Cris \u00e0 la propri\u00e9t\u00e9 priv\u00e9e et le d\u00e9veloppement d\u2019un march\u00e9 immobilier robuste dans les communaut\u00e9s cries\u2009;<\/li>\n<li>faciliter la participation des gouvernements locaux cris et de leurs soci\u00e9t\u00e9s de d\u00e9veloppement dans ce nouveau march\u00e9 du logement cri.<\/li>\n<\/ol>\n<div>\n<p>Les gouvernements locaux cris administreront ce nouveau programme \u00e0 l\u2019\u00e9chelle communautaire. Dans le cadre du nouveau programme, un gouvernement local cri peut soit accorder une subvention pour un logement priv\u00e9 \u00e0 des personnes cries afin qu\u2019elles puissent construire leur propre maison dans la communaut\u00e9, soit utiliser des subventions au logement priv\u00e9 pour construire des logements priv\u00e9s pour les Cris dans la communaut\u00e9, y compris par l\u2019interm\u00e9diaire de sa soci\u00e9t\u00e9 de d\u00e9veloppement.<\/p>\n<\/div>\n","protected":false},"excerpt":{"rendered":"<p>Soutenir la construction de nouvelles maisons priv\u00e9es dans les communaut\u00e9s cries d\u2019Eeyou Istchee (terres de la cat\u00e9gorie 1A)<\/p>\n","protected":false},"author":23,"featured_media":0,"parent":0,"menu_order":0,"comment_status":"closed","ping_status":"closed","template":"views\/template-services.blade.php","meta":[],"tags":[],"acf":[],"_links":{"self":[{"href":"https:\/\/www.cngov.ca\/fr\/wp-json\/wp\/v2\/pages\/10000"}],"collection":[{"href":"https:\/\/www.cngov.ca\/fr\/wp-json\/wp\/v2\/pages"}],"about":[{"href":"https:\/\/www.cngov.ca\/fr\/wp-json\/wp\/v2\/types\/page"}],"author":[{"embeddable":true,"href":"https:\/\/www.cngov.ca\/fr\/wp-json\/wp\/v2\/users\/23"}],"replies":[{"embeddable":true,"href":"https:\/\/www.cngov.ca\/fr\/wp-json\/wp\/v2\/comments?post=10000"}],"version-history":[{"count":2,"href":"https:\/\/www.cngov.ca\/fr\/wp-json\/wp\/v2\/pages\/10000\/revisions"}],"predecessor-version":[{"id":10767,"href":"https:\/\/www.cngov.ca\/fr\/wp-json\/wp\/v2\/pages\/10000\/revisions\/10767"}],"wp:attachment":[{"href":"https:\/\/www.cngov.ca\/fr\/wp-json\/wp\/v2\/media?parent=10000"}],"wp:term":[{"taxonomy":"post_tag","embeddable":true,"href":"https:\/\/www.cngov.ca\/fr\/wp-json\/wp\/v2\/tags?post=10000"}],"curies":[{"name":"wp","href":"https:\/\/api.w.org\/{rel}","templated":true}]}}