{"id":10768,"date":"2020-08-19T15:06:42","date_gmt":"2020-08-19T19:06:42","guid":{"rendered":"https:\/\/www.cngov.ca\/community-private-housing\/rhp-introd\/"},"modified":"2021-04-15T15:28:15","modified_gmt":"2021-04-15T19:28:15","slug":"rhp-introd","status":"publish","type":"page","link":"https:\/\/www.cngov.ca\/fr\/community-private-housing\/rhp-introd\/","title":{"rendered":"Aper\u00e7u de l\u2019Initiative en mati\u00e8re de logement priv\u00e9 communautaire"},"content":{"rendered":"","protected":false},"excerpt":{"rendered":"<p>Crit\u00e8res d\u2019admissibilit\u00e9, conditions et exigences<\/p>\n","protected":false},"author":23,"featured_media":7310,"parent":10000,"menu_order":0,"comment_status":"closed","ping_status":"closed","template":"","meta":[],"tags":[],"acf":[],"_links":{"self":[{"href":"https:\/\/www.cngov.ca\/fr\/wp-json\/wp\/v2\/pages\/10768"}],"collection":[{"href":"https:\/\/www.cngov.ca\/fr\/wp-json\/wp\/v2\/pages"}],"about":[{"href":"https:\/\/www.cngov.ca\/fr\/wp-json\/wp\/v2\/types\/page"}],"author":[{"embeddable":true,"href":"https:\/\/www.cngov.ca\/fr\/wp-json\/wp\/v2\/users\/23"}],"replies":[{"embeddable":true,"href":"https:\/\/www.cngov.ca\/fr\/wp-json\/wp\/v2\/comments?post=10768"}],"version-history":[{"count":7,"href":"https:\/\/www.cngov.ca\/fr\/wp-json\/wp\/v2\/pages\/10768\/revisions"}],"predecessor-version":[{"id":10788,"href":"https:\/\/www.cngov.ca\/fr\/wp-json\/wp\/v2\/pages\/10768\/revisions\/10788"}],"up":[{"embeddable":true,"href":"https:\/\/www.cngov.ca\/fr\/wp-json\/wp\/v2\/pages\/10000"}],"wp:featuredmedia":[{"embeddable":true,"href":"https:\/\/www.cngov.ca\/fr\/wp-json\/wp\/v2\/media\/7310"}],"wp:attachment":[{"href":"https:\/\/www.cngov.ca\/fr\/wp-json\/wp\/v2\/media?parent=10768"}],"wp:term":[{"taxonomy":"post_tag","embeddable":true,"href":"https:\/\/www.cngov.ca\/fr\/wp-json\/wp\/v2\/tags?post=10768"}],"curies":[{"name":"wp","href":"https:\/\/api.w.org\/{rel}","templated":true}]}}