{"id":10779,"date":"2020-05-27T11:14:21","date_gmt":"2020-05-27T15:14:21","guid":{"rendered":"https:\/\/www.cngov.ca\/community-private-housing\/process\/"},"modified":"2021-04-16T15:37:31","modified_gmt":"2021-04-16T19:37:31","slug":"process","status":"publish","type":"page","link":"https:\/\/www.cngov.ca\/fr\/community-private-housing\/process\/","title":{"rendered":"Guide \u00e9tape par \u00e9tape pour construire votre propre maison"},"content":{"rendered":"","protected":false},"excerpt":{"rendered":"<p>Nous avons d\u00e9crit un processus en 10 \u00e9tapes sur la fa\u00e7on de construire votre propre maison<\/p>\n","protected":false},"author":23,"featured_media":9195,"parent":10000,"menu_order":1,"comment_status":"closed","ping_status":"closed","template":"","meta":[],"tags":[],"acf":[],"_links":{"self":[{"href":"https:\/\/www.cngov.ca\/fr\/wp-json\/wp\/v2\/pages\/10779"}],"collection":[{"href":"https:\/\/www.cngov.ca\/fr\/wp-json\/wp\/v2\/pages"}],"about":[{"href":"https:\/\/www.cngov.ca\/fr\/wp-json\/wp\/v2\/types\/page"}],"author":[{"embeddable":true,"href":"https:\/\/www.cngov.ca\/fr\/wp-json\/wp\/v2\/users\/23"}],"replies":[{"embeddable":true,"href":"https:\/\/www.cngov.ca\/fr\/wp-json\/wp\/v2\/comments?post=10779"}],"version-history":[{"count":4,"href":"https:\/\/www.cngov.ca\/fr\/wp-json\/wp\/v2\/pages\/10779\/revisions"}],"predecessor-version":[{"id":10806,"href":"https:\/\/www.cngov.ca\/fr\/wp-json\/wp\/v2\/pages\/10779\/revisions\/10806"}],"up":[{"embeddable":true,"href":"https:\/\/www.cngov.ca\/fr\/wp-json\/wp\/v2\/pages\/10000"}],"wp:featuredmedia":[{"embeddable":true,"href":"https:\/\/www.cngov.ca\/fr\/wp-json\/wp\/v2\/media\/9195"}],"wp:attachment":[{"href":"https:\/\/www.cngov.ca\/fr\/wp-json\/wp\/v2\/media?parent=10779"}],"wp:term":[{"taxonomy":"post_tag","embeddable":true,"href":"https:\/\/www.cngov.ca\/fr\/wp-json\/wp\/v2\/tags?post=10779"}],"curies":[{"name":"wp","href":"https:\/\/api.w.org\/{rel}","templated":true}]}}