{"id":1329,"date":"2017-12-15T16:09:44","date_gmt":"2017-12-15T16:09:44","guid":{"rendered":"http:\/\/stage.cngov.ca\/?page_id=1329"},"modified":"2024-10-10T14:10:24","modified_gmt":"2024-10-10T18:10:24","slug":"relations-exterieures","status":"publish","type":"page","link":"https:\/\/www.cngov.ca\/fr\/gouvernance-et-structure\/gcc-ei-gnc-role-mission-vision\/relations-exterieures\/","title":{"rendered":"Relations ext\u00e9rieures"},"content":{"rendered":"<p>Le Gouvernement de la Nation Crie et le Grand Conseil des Cris (Eeyou Istchee) repr\u00e9sentent le rassemblement des organes administratif et ex\u00e9cutif du gouvernement cri. Nous faisons la promotion et prot\u00e9geons les int\u00e9r\u00eats des Eeyouch (les Cris vivant dans les bassins versants de l&rsquo;Est de la Baie James et au sud-est de la Baie d&rsquo;Hudson). Nous nous tenons debout pour d\u00e9fendre nos droits de la personne, y compris les droits issus de trait\u00e9s, et pour promouvoir nos int\u00e9r\u00eats \u00e9conomiques, tout en cherchant \u00e0 renforcer nos liens culturels et politiques avec le Qu\u00e9bec, le Canada, et d&rsquo;autres Premi\u00e8res Nations et \u00e0 maintenir nos relations internationales.<\/p>\n<p>D\u00e8s les ann\u00e9es 1980, le Grand Conseil des Cris a travaill\u00e9 avec des organismes internationaux afin d&rsquo;attirer l&rsquo;attention \u00e0 l\u2019\u00e9chelle internationale sur les droits des peuples indig\u00e8nes \u00e0 travers le monde. Bon nombre des premiers habitants du monde ont \u00e9t\u00e9 mis de c\u00f4t\u00e9, sans territoire ou sans reconnaissance de leurs droits de la personne.<\/p>\n<p>Dans le cas des Cris, cette r\u00e9alit\u00e9 s\u2019est manifest\u00e9e lorsque les Cris ont \u00e9t\u00e9 largement ignor\u00e9s par Qu\u00e9bec, d\u00e8s qu\u2019il a approuv\u00e9 et commenc\u00e9 la construction du projet hydro\u00e9lectrique de la Baie-James en 1972. En 1973, les Cris ont entam\u00e9 une poursuite judiciaire pour stopper le projet. La cour inf\u00e9rieure leur a donn\u00e9 raison, mais la cour sup\u00e9rieure a renvers\u00e9 la d\u00e9cision. Puis le Canada, le Qu\u00e9bec, les Cris et les Inuits du Nord qu\u00e9b\u00e9cois ont n\u00e9goci\u00e9 la Convention de la Baie-James et du Nord qu\u00e9b\u00e9cois, sign\u00e9e en 1975. Par la suite, les Cris ont fait campagne en Europe et dans les Am\u00e9riques pour faire respecter la nouvelle Convention, car la province et le Canada se montraient r\u00e9ticents \u00e0 la mettre en \u0153uvre.<\/p>\n<p>Le Grand Conseil a \u00e9t\u00e9 reconnu \u00e0 titre d\u2019organisation non gouvernementale dot\u00e9e du statut consultatif aupr\u00e8s du Conseil \u00e9conomique et social de l&rsquo;Organisation des Nations Unies. Ce statut a permis aux Cris de questionner le Canada sur son inex\u00e9cution des dispositions de leur trait\u00e9. Leurs efforts ont men\u00e9 \u00e0 la tenue de r\u00e9unions avec d&rsquo;autres peuples et nations indig\u00e8nes, et ce, pendant des ann\u00e9es. Nous avons collabor\u00e9 avec ces peuples et ces nations \u00e0 la D\u00e9claration des Nations Unies sur les droits des peuples autochtones, adopt\u00e9e par l&rsquo;Organisation des Nations Unies le 13 septembre 2007.<\/p>\n<p>Le Grand Conseil continue de d\u00e9fendre les droits des peuples indig\u00e8nes tant \u00e0 l&rsquo;int\u00e9rieur qu\u2019\u00e0 l&rsquo;ext\u00e9rieur du Canada, et de prendre part \u00e0 des forums internationaux.<\/p>\n","protected":false},"excerpt":{"rendered":"<p>Pour en savoir plus sur les relations du Gouvernement de la Nation Crie avec le Qu\u00e9bec, le f\u00e9d\u00e9ral et \u00e0 l\u2019\u00e9chelle internationale<\/p>\n","protected":false},"author":4,"featured_media":1120,"parent":1567,"menu_order":2,"comment_status":"closed","ping_status":"closed","template":"","meta":[],"tags":[],"acf":[],"_links":{"self":[{"href":"https:\/\/www.cngov.ca\/fr\/wp-json\/wp\/v2\/pages\/1329"}],"collection":[{"href":"https:\/\/www.cngov.ca\/fr\/wp-json\/wp\/v2\/pages"}],"about":[{"href":"https:\/\/www.cngov.ca\/fr\/wp-json\/wp\/v2\/types\/page"}],"author":[{"embeddable":true,"href":"https:\/\/www.cngov.ca\/fr\/wp-json\/wp\/v2\/users\/4"}],"replies":[{"embeddable":true,"href":"https:\/\/www.cngov.ca\/fr\/wp-json\/wp\/v2\/comments?post=1329"}],"version-history":[{"count":9,"href":"https:\/\/www.cngov.ca\/fr\/wp-json\/wp\/v2\/pages\/1329\/revisions"}],"predecessor-version":[{"id":15479,"href":"https:\/\/www.cngov.ca\/fr\/wp-json\/wp\/v2\/pages\/1329\/revisions\/15479"}],"up":[{"embeddable":true,"href":"https:\/\/www.cngov.ca\/fr\/wp-json\/wp\/v2\/pages\/1567"}],"wp:featuredmedia":[{"embeddable":true,"href":"https:\/\/www.cngov.ca\/fr\/wp-json\/wp\/v2\/media\/1120"}],"wp:attachment":[{"href":"https:\/\/www.cngov.ca\/fr\/wp-json\/wp\/v2\/media?parent=1329"}],"wp:term":[{"taxonomy":"post_tag","embeddable":true,"href":"https:\/\/www.cngov.ca\/fr\/wp-json\/wp\/v2\/tags?post=1329"}],"curies":[{"name":"wp","href":"https:\/\/api.w.org\/{rel}","templated":true}]}}