{"id":1337,"date":"2017-12-15T17:13:54","date_gmt":"2017-12-15T17:13:54","guid":{"rendered":"http:\/\/stage.cngov.ca\/?page_id=1337"},"modified":"2025-04-10T09:14:47","modified_gmt":"2025-04-10T13:14:47","slug":"le-grand-chef-et-president","status":"publish","type":"page","link":"https:\/\/www.cngov.ca\/fr\/gouvernance-et-structure\/le-conseil\/le-grand-chef-et-president\/","title":{"rendered":"La Grande Chef et pr\u00e9sidente"},"content":{"rendered":"<p><a href=\"https:\/\/www.cngov.ca\/wp-content\/uploads\/2024\/09\/norman-a-wapachee-02-e1725472396653.jpg\"><img decoding=\"async\" class=\"aligncenter  wp-image-15316\" src=\"https:\/\/www.cngov.ca\/wp-content\/uploads\/2024\/09\/norman-a-wapachee-02-e1725472396653.jpg\" alt=\"\" width=\"500\" height=\"500\" \/><\/a><\/p>\n<p><span data-contrast=\"auto\">Norman A. Wapachee est membre de la communaut\u00e9 Eenou d\u2019Ouj\u00e9-Bougoumou. Ses parents \u00e2g\u00e9s sont Matthew Wapachee p\u00e8re, un chasseur cri, et Maggie Matoush, une artisane crie. Lui et sa femme innue, M<\/span><span data-contrast=\"auto\">me<\/span><span data-contrast=\"auto\">\u202fAnouk Raphael, ont 10\u202fenfants, dont deux sont d\u00e9c\u00e9d\u00e9s, et neuf\u202fpetits-enfants. Ils vivent \u00e0 Chibou-Chibi, situ\u00e9 sur le terrain de pi\u00e9geage familial. Norman a \u00e9t\u00e9 \u00e9lev\u00e9 et \u00e9duqu\u00e9 \u00e0 Mistissini o\u00f9 il a pass\u00e9 les 20\u202fpremi\u00e8res ann\u00e9es de sa vie. \u00c0 la fin de chaque ann\u00e9e scolaire, Norman a pass\u00e9 beaucoup de temps dans la nature avec ses parents et ses grands-parents. Au d\u00e9but des ann\u00e9es\u202f90, M.\u202fWapachee a particip\u00e9 au d\u00e9veloppement communautaire \u00e0 Ouj\u00e9-Bougoumou. \u00c0 la fin des ann\u00e9es\u202f90, M.\u202fWapachee a poursuivi ses \u00e9tudes et obtenu son dipl\u00f4me en droit et d\u00e9fense des int\u00e9r\u00eats autochtones du Coll\u00e8ge Conf\u00e9d\u00e9ration, et il a obtenu son baccalaur\u00e9at en \u00e9tudes et en politique autochtones \u00e0 l\u2019Universit\u00e9 de l\u2019Alberta \u00e0 Edmonton.\u00a0<\/span><span data-ccp-props=\"{&quot;201341983&quot;:0,&quot;335551550&quot;:6,&quot;335551620&quot;:6,&quot;335559739&quot;:160,&quot;335559740&quot;:256}\">\u00a0<\/span><\/p>\n<p><span data-contrast=\"auto\">\u00c0 son retour, M.<\/span><span data-contrast=\"auto\">\u202fWapachee a longuement travaill\u00e9 dans l\u2019administration publique tout en travaillant avec l\u2019ancien grand chef, M.\u202fAbel Bosum, et avec le conseiller de la Nation crie d\u2019Ouj\u00e9-Bougoumou (NCOB), M.\u202fPaul Wertman, dans les dossiers politiques de la NCOB. M.\u202fWapachee chasse toujours activement sur le terrain de pi\u00e9geage familial.\u00a0<\/span><i><span data-contrast=\"auto\">\u00ab\u2009Donnons une voix \u00e0 notre terre\u2009\u00bb est sa devise.\u00a0<\/span><\/i><span data-contrast=\"auto\">Non seulement<\/span>\u00a0<span data-contrast=\"auto\">M.\u202fWapachee se fera l\u2019\u00e9cho de nos anc\u00eatres, mais il continuera \u00e0 prot\u00e9ger et \u00e0 promouvoir les droits des Cris en mati\u00e8re de justice sociale et, surtout, de justice environnementale.\u00a0\u00a0<\/span><\/p>\n","protected":false},"excerpt":{"rendered":"<p>Compter du lundi 31 mars 2025, le grand chef adjoint Norman A. Wapachee assumera le r\u00f4le et la responsabilit\u00e9 de grand chef du Grand Conseil des Cris\/Gouvernement de la Nation Crie, conform\u00e9ment aux r\u00e8glements du Grand Conseil des Cris\/Gouvernement de la Nation crie.<\/p>\n","protected":false},"author":4,"featured_media":16198,"parent":1346,"menu_order":0,"comment_status":"closed","ping_status":"closed","template":"","meta":[],"tags":[],"acf":[],"_links":{"self":[{"href":"https:\/\/www.cngov.ca\/fr\/wp-json\/wp\/v2\/pages\/1337"}],"collection":[{"href":"https:\/\/www.cngov.ca\/fr\/wp-json\/wp\/v2\/pages"}],"about":[{"href":"https:\/\/www.cngov.ca\/fr\/wp-json\/wp\/v2\/types\/page"}],"author":[{"embeddable":true,"href":"https:\/\/www.cngov.ca\/fr\/wp-json\/wp\/v2\/users\/4"}],"replies":[{"embeddable":true,"href":"https:\/\/www.cngov.ca\/fr\/wp-json\/wp\/v2\/comments?post=1337"}],"version-history":[{"count":33,"href":"https:\/\/www.cngov.ca\/fr\/wp-json\/wp\/v2\/pages\/1337\/revisions"}],"predecessor-version":[{"id":16697,"href":"https:\/\/www.cngov.ca\/fr\/wp-json\/wp\/v2\/pages\/1337\/revisions\/16697"}],"up":[{"embeddable":true,"href":"https:\/\/www.cngov.ca\/fr\/wp-json\/wp\/v2\/pages\/1346"}],"wp:featuredmedia":[{"embeddable":true,"href":"https:\/\/www.cngov.ca\/fr\/wp-json\/wp\/v2\/media\/16198"}],"wp:attachment":[{"href":"https:\/\/www.cngov.ca\/fr\/wp-json\/wp\/v2\/media?parent=1337"}],"wp:term":[{"taxonomy":"post_tag","embeddable":true,"href":"https:\/\/www.cngov.ca\/fr\/wp-json\/wp\/v2\/tags?post=1337"}],"curies":[{"name":"wp","href":"https:\/\/api.w.org\/{rel}","templated":true}]}}