{"id":1443,"date":"2018-01-03T02:56:55","date_gmt":"2018-01-03T02:56:55","guid":{"rendered":"http:\/\/stage.cngov.ca\/?page_id=1443"},"modified":"2018-03-29T16:23:38","modified_gmt":"2018-03-29T16:23:38","slug":"communaute-et-culture","status":"publish","type":"page","link":"https:\/\/www.cngov.ca\/fr\/communaute-et-culture\/","title":{"rendered":"Communaut\u00e9 et culture"},"content":{"rendered":"","protected":false},"excerpt":{"rendered":"<p>Un aper\u00e7u de la c\u00f4te est et des basses terres de l\u2019int\u00e9rieur de la Baie James<\/p>\n","protected":false},"author":4,"featured_media":326,"parent":0,"menu_order":0,"comment_status":"closed","ping_status":"closed","template":"views\/template-services.blade.php","meta":[],"tags":[],"acf":[],"_links":{"self":[{"href":"https:\/\/www.cngov.ca\/fr\/wp-json\/wp\/v2\/pages\/1443"}],"collection":[{"href":"https:\/\/www.cngov.ca\/fr\/wp-json\/wp\/v2\/pages"}],"about":[{"href":"https:\/\/www.cngov.ca\/fr\/wp-json\/wp\/v2\/types\/page"}],"author":[{"embeddable":true,"href":"https:\/\/www.cngov.ca\/fr\/wp-json\/wp\/v2\/users\/4"}],"replies":[{"embeddable":true,"href":"https:\/\/www.cngov.ca\/fr\/wp-json\/wp\/v2\/comments?post=1443"}],"version-history":[{"count":5,"href":"https:\/\/www.cngov.ca\/fr\/wp-json\/wp\/v2\/pages\/1443\/revisions"}],"predecessor-version":[{"id":2613,"href":"https:\/\/www.cngov.ca\/fr\/wp-json\/wp\/v2\/pages\/1443\/revisions\/2613"}],"wp:featuredmedia":[{"embeddable":true,"href":"https:\/\/www.cngov.ca\/fr\/wp-json\/wp\/v2\/media\/326"}],"wp:attachment":[{"href":"https:\/\/www.cngov.ca\/fr\/wp-json\/wp\/v2\/media?parent=1443"}],"wp:term":[{"taxonomy":"post_tag","embeddable":true,"href":"https:\/\/www.cngov.ca\/fr\/wp-json\/wp\/v2\/tags?post=1443"}],"curies":[{"name":"wp","href":"https:\/\/api.w.org\/{rel}","templated":true}]}}