{"id":1522,"date":"2018-01-03T17:21:21","date_gmt":"2018-01-03T17:21:21","guid":{"rendered":"http:\/\/stage.cngov.ca\/?page_id=1522"},"modified":"2018-04-02T23:13:28","modified_gmt":"2018-04-02T23:13:28","slug":"services","status":"publish","type":"page","link":"https:\/\/www.cngov.ca\/fr\/services\/","title":{"rendered":"Services"},"content":{"rendered":"<p>Le Grand Conseil des Cris (Eeyou Istchee) et le Gouvernement de la Nation Crie offrent des services pour soutenir nos neuf Premi\u00e8res Nations Cries. Vous trouverez ici quelques-uns des services qui sont fournis en relation \u00e0 des possibilit\u00e9s d\u2019appels d\u2019offres publiques cries, des carri\u00e8res, la justice et les services correctionnels, les services \u00e0 la petite enfance et \u00e0 la famille et les services d\u2019urgence.<\/p>\n","protected":false},"excerpt":{"rendered":"<p>Notre gouvernement \u00e0 l\u2019\u0153uvre pour notre population<\/p>\n","protected":false},"author":4,"featured_media":0,"parent":0,"menu_order":0,"comment_status":"closed","ping_status":"closed","template":"views\/template-services.blade.php","meta":[],"tags":[],"acf":[],"_links":{"self":[{"href":"https:\/\/www.cngov.ca\/fr\/wp-json\/wp\/v2\/pages\/1522"}],"collection":[{"href":"https:\/\/www.cngov.ca\/fr\/wp-json\/wp\/v2\/pages"}],"about":[{"href":"https:\/\/www.cngov.ca\/fr\/wp-json\/wp\/v2\/types\/page"}],"author":[{"embeddable":true,"href":"https:\/\/www.cngov.ca\/fr\/wp-json\/wp\/v2\/users\/4"}],"replies":[{"embeddable":true,"href":"https:\/\/www.cngov.ca\/fr\/wp-json\/wp\/v2\/comments?post=1522"}],"version-history":[{"count":5,"href":"https:\/\/www.cngov.ca\/fr\/wp-json\/wp\/v2\/pages\/1522\/revisions"}],"predecessor-version":[{"id":3179,"href":"https:\/\/www.cngov.ca\/fr\/wp-json\/wp\/v2\/pages\/1522\/revisions\/3179"}],"wp:attachment":[{"href":"https:\/\/www.cngov.ca\/fr\/wp-json\/wp\/v2\/media?parent=1522"}],"wp:term":[{"taxonomy":"post_tag","embeddable":true,"href":"https:\/\/www.cngov.ca\/fr\/wp-json\/wp\/v2\/tags?post=1522"}],"curies":[{"name":"wp","href":"https:\/\/api.w.org\/{rel}","templated":true}]}}