{"id":1565,"date":"2018-01-03T19:49:06","date_gmt":"2018-01-03T19:49:06","guid":{"rendered":"http:\/\/stage.cngov.ca\/?page_id=1565"},"modified":"2018-03-07T15:35:29","modified_gmt":"2018-03-07T15:35:29","slug":"gouvernance-et-structure","status":"publish","type":"page","link":"https:\/\/www.cngov.ca\/fr\/gouvernance-et-structure\/","title":{"rendered":"Gouvernance et structure"},"content":{"rendered":"","protected":false},"excerpt":{"rendered":"<p>Le Gouvernement de la Nation Crie et le Grand conseil des Cris (Eeyou Istchee) repr\u00e9sentent l\u2019union des organes administratif et ex\u00e9cutif du gouvernement cri. Nous faisons la promotion et prot\u00e9geons les int\u00e9r\u00eats des Eeyouch vivant \u00e0 l&rsquo;est de la baie James et au sud-est de la baie d&rsquo;Hudson.<\/p>\n","protected":false},"author":4,"featured_media":0,"parent":0,"menu_order":0,"comment_status":"closed","ping_status":"closed","template":"views\/template-services.blade.php","meta":[],"tags":[],"acf":[],"_links":{"self":[{"href":"https:\/\/www.cngov.ca\/fr\/wp-json\/wp\/v2\/pages\/1565"}],"collection":[{"href":"https:\/\/www.cngov.ca\/fr\/wp-json\/wp\/v2\/pages"}],"about":[{"href":"https:\/\/www.cngov.ca\/fr\/wp-json\/wp\/v2\/types\/page"}],"author":[{"embeddable":true,"href":"https:\/\/www.cngov.ca\/fr\/wp-json\/wp\/v2\/users\/4"}],"replies":[{"embeddable":true,"href":"https:\/\/www.cngov.ca\/fr\/wp-json\/wp\/v2\/comments?post=1565"}],"version-history":[{"count":3,"href":"https:\/\/www.cngov.ca\/fr\/wp-json\/wp\/v2\/pages\/1565\/revisions"}],"predecessor-version":[{"id":2285,"href":"https:\/\/www.cngov.ca\/fr\/wp-json\/wp\/v2\/pages\/1565\/revisions\/2285"}],"wp:attachment":[{"href":"https:\/\/www.cngov.ca\/fr\/wp-json\/wp\/v2\/media?parent=1565"}],"wp:term":[{"taxonomy":"post_tag","embeddable":true,"href":"https:\/\/www.cngov.ca\/fr\/wp-json\/wp\/v2\/tags?post=1565"}],"curies":[{"name":"wp","href":"https:\/\/api.w.org\/{rel}","templated":true}]}}