{"id":1567,"date":"2018-01-03T19:50:32","date_gmt":"2018-01-03T19:50:32","guid":{"rendered":"http:\/\/stage.cngov.ca\/?page_id=1567"},"modified":"2018-03-26T15:29:58","modified_gmt":"2018-03-26T15:29:58","slug":"gcc-ei-gnc-role-mission-vision","status":"publish","type":"page","link":"https:\/\/www.cngov.ca\/fr\/gouvernance-et-structure\/gcc-ei-gnc-role-mission-vision\/","title":{"rendered":"Grand Conseil des Cris (Eeyou Istchee)\/Gouvernement de la Nation Crie"},"content":{"rendered":"<p>Le Grand Conseil des Cris (Eeyou Istchee) repr\u00e9sente environ 20000 Cris d&rsquo;Eeyou Istchee. Le Gouvernement de la Nation Crie exerce des fonctions gouvernementales et administratives au nom de la Nation Crie. Les deux entit\u00e9s ont les m\u00eames membres, le m\u00eame conseil d&rsquo;administration, et les m\u00eames structures de gouvernance, et elles sont g\u00e9r\u00e9es comme une seule entit\u00e9.<\/p>\n<p>Le si\u00e8ge social de la Nation Crie est situ\u00e9 dans la communaut\u00e9 de Nemaska, bien qu&rsquo;il existe aussi des bureaux satellites dans d&rsquo;autres communaut\u00e9s et \u00e0 Montr\u00e9al. Les deux bureaux de l&rsquo;ambassade de la Nation Crie, situ\u00e9s \u00e0 Ottawa et \u00e0 Qu\u00e9bec, jouent un r\u00f4le cl\u00e9 \u00e0 l\u2019\u00e9gard de ses relations avec les gouvernements f\u00e9d\u00e9ral et provincial et de l\u2019assistance technique offerte \u00e0 ses 10 services.<\/p>\n<p>\u00c0 titre de Nation, nous nous tenons debout pour d\u00e9fendre nos droits de la personne, y compris les droits issus de trait\u00e9s, et pour promouvoir nos int\u00e9r\u00eats \u00e9conomiques, tout en cherchant \u00e0 renforcer nos liens culturels et politiques avec le Qu\u00e9bec, le Canada, et d&rsquo;autres Premi\u00e8res Nations et \u00e0 maintenir nos relations internationales.<\/p>\n","protected":false},"excerpt":{"rendered":"<p>Repr\u00e9sentant et servant les Cris d&rsquo;Eeyou Istchee<\/p>\n","protected":false},"author":4,"featured_media":326,"parent":1565,"menu_order":0,"comment_status":"closed","ping_status":"closed","template":"views\/template-presentation-page-a.blade.php","meta":[],"tags":[],"acf":[],"_links":{"self":[{"href":"https:\/\/www.cngov.ca\/fr\/wp-json\/wp\/v2\/pages\/1567"}],"collection":[{"href":"https:\/\/www.cngov.ca\/fr\/wp-json\/wp\/v2\/pages"}],"about":[{"href":"https:\/\/www.cngov.ca\/fr\/wp-json\/wp\/v2\/types\/page"}],"author":[{"embeddable":true,"href":"https:\/\/www.cngov.ca\/fr\/wp-json\/wp\/v2\/users\/4"}],"replies":[{"embeddable":true,"href":"https:\/\/www.cngov.ca\/fr\/wp-json\/wp\/v2\/comments?post=1567"}],"version-history":[{"count":8,"href":"https:\/\/www.cngov.ca\/fr\/wp-json\/wp\/v2\/pages\/1567\/revisions"}],"predecessor-version":[{"id":2817,"href":"https:\/\/www.cngov.ca\/fr\/wp-json\/wp\/v2\/pages\/1567\/revisions\/2817"}],"up":[{"embeddable":true,"href":"https:\/\/www.cngov.ca\/fr\/wp-json\/wp\/v2\/pages\/1565"}],"wp:featuredmedia":[{"embeddable":true,"href":"https:\/\/www.cngov.ca\/fr\/wp-json\/wp\/v2\/media\/326"}],"wp:attachment":[{"href":"https:\/\/www.cngov.ca\/fr\/wp-json\/wp\/v2\/media?parent=1567"}],"wp:term":[{"taxonomy":"post_tag","embeddable":true,"href":"https:\/\/www.cngov.ca\/fr\/wp-json\/wp\/v2\/tags?post=1567"}],"curies":[{"name":"wp","href":"https:\/\/api.w.org\/{rel}","templated":true}]}}