{"id":1741,"date":"2018-01-04T22:02:25","date_gmt":"2018-01-04T22:02:25","guid":{"rendered":"http:\/\/stage.cngov.ca\/?page_id=1741"},"modified":"2025-12-08T09:51:17","modified_gmt":"2025-12-08T13:51:17","slug":"directeur-executif-et-directeur-executif-adjoint","status":"publish","type":"page","link":"https:\/\/www.cngov.ca\/fr\/gouvernance-et-structure\/gcc-ei-gnc-role-mission-vision\/directeur-executif-et-directeur-executif-adjoint\/","title":{"rendered":"Directeur ex\u00e9cutif et <\/br>directeur ex\u00e9cutif adjoint"},"content":{"rendered":"<p>Les bureaux du directeur ex\u00e9cutif et du directeur ex\u00e9cutif adjoint fournissent des services administratifs au nom du Gouvernement de la Nation Crie. Ils aident \u00e9galement \u00e0 g\u00e9rer les ressources humaines et financi\u00e8res des 10 services.<\/p>\n","protected":false},"excerpt":{"rendered":"<p>Coordonner l\u2019administration du Grand Conseil des Cris (Eeyou Istchee)\/Gouvernement de la Nation Crie.<\/p>\n","protected":false},"author":4,"featured_media":1110,"parent":1567,"menu_order":0,"comment_status":"closed","ping_status":"closed","template":"","meta":[],"tags":[],"acf":[],"_links":{"self":[{"href":"https:\/\/www.cngov.ca\/fr\/wp-json\/wp\/v2\/pages\/1741"}],"collection":[{"href":"https:\/\/www.cngov.ca\/fr\/wp-json\/wp\/v2\/pages"}],"about":[{"href":"https:\/\/www.cngov.ca\/fr\/wp-json\/wp\/v2\/types\/page"}],"author":[{"embeddable":true,"href":"https:\/\/www.cngov.ca\/fr\/wp-json\/wp\/v2\/users\/4"}],"replies":[{"embeddable":true,"href":"https:\/\/www.cngov.ca\/fr\/wp-json\/wp\/v2\/comments?post=1741"}],"version-history":[{"count":24,"href":"https:\/\/www.cngov.ca\/fr\/wp-json\/wp\/v2\/pages\/1741\/revisions"}],"predecessor-version":[{"id":16611,"href":"https:\/\/www.cngov.ca\/fr\/wp-json\/wp\/v2\/pages\/1741\/revisions\/16611"}],"up":[{"embeddable":true,"href":"https:\/\/www.cngov.ca\/fr\/wp-json\/wp\/v2\/pages\/1567"}],"wp:featuredmedia":[{"embeddable":true,"href":"https:\/\/www.cngov.ca\/fr\/wp-json\/wp\/v2\/media\/1110"}],"wp:attachment":[{"href":"https:\/\/www.cngov.ca\/fr\/wp-json\/wp\/v2\/media?parent=1741"}],"wp:term":[{"taxonomy":"post_tag","embeddable":true,"href":"https:\/\/www.cngov.ca\/fr\/wp-json\/wp\/v2\/tags?post=1741"}],"curies":[{"name":"wp","href":"https:\/\/api.w.org\/{rel}","templated":true}]}}