{"id":1796,"date":"2017-11-06T17:35:59","date_gmt":"2017-11-06T17:35:59","guid":{"rendered":"http:\/\/stage.cngov.ca\/environnements\/protected-areas\/"},"modified":"2018-04-17T16:19:02","modified_gmt":"2018-04-17T16:19:02","slug":"aires-protegees","status":"publish","type":"page","link":"https:\/\/www.cngov.ca\/fr\/environnement\/aires-protegees\/","title":{"rendered":"Aires prot\u00e9g\u00e9es"},"content":{"rendered":"","protected":false},"excerpt":{"rendered":"<p>Notre vision consiste \u00e0 renforcer le patrimoine culturel des Cris et \u00e0 pr\u00e9server la biodiversit\u00e9 en Eeyou Istchee.<\/p>\n","protected":false},"author":1,"featured_media":2552,"parent":1563,"menu_order":0,"comment_status":"closed","ping_status":"closed","template":"","meta":[],"tags":[78],"acf":[],"_links":{"self":[{"href":"https:\/\/www.cngov.ca\/fr\/wp-json\/wp\/v2\/pages\/1796"}],"collection":[{"href":"https:\/\/www.cngov.ca\/fr\/wp-json\/wp\/v2\/pages"}],"about":[{"href":"https:\/\/www.cngov.ca\/fr\/wp-json\/wp\/v2\/types\/page"}],"author":[{"embeddable":true,"href":"https:\/\/www.cngov.ca\/fr\/wp-json\/wp\/v2\/users\/1"}],"replies":[{"embeddable":true,"href":"https:\/\/www.cngov.ca\/fr\/wp-json\/wp\/v2\/comments?post=1796"}],"version-history":[{"count":18,"href":"https:\/\/www.cngov.ca\/fr\/wp-json\/wp\/v2\/pages\/1796\/revisions"}],"predecessor-version":[{"id":3361,"href":"https:\/\/www.cngov.ca\/fr\/wp-json\/wp\/v2\/pages\/1796\/revisions\/3361"}],"up":[{"embeddable":true,"href":"https:\/\/www.cngov.ca\/fr\/wp-json\/wp\/v2\/pages\/1563"}],"wp:featuredmedia":[{"embeddable":true,"href":"https:\/\/www.cngov.ca\/fr\/wp-json\/wp\/v2\/media\/2552"}],"wp:attachment":[{"href":"https:\/\/www.cngov.ca\/fr\/wp-json\/wp\/v2\/media?parent=1796"}],"wp:term":[{"taxonomy":"post_tag","embeddable":true,"href":"https:\/\/www.cngov.ca\/fr\/wp-json\/wp\/v2\/tags?post=1796"}],"curies":[{"name":"wp","href":"https:\/\/api.w.org\/{rel}","templated":true}]}}