{"id":2508,"date":"2017-11-06T17:36:18","date_gmt":"2017-11-06T17:36:18","guid":{"rendered":"https:\/\/stage.cngov.ca\/environnement\/mining\/"},"modified":"2018-03-27T15:08:42","modified_gmt":"2018-03-27T15:08:42","slug":"exploitation-miniere","status":"publish","type":"page","link":"https:\/\/www.cngov.ca\/fr\/environnement\/exploitation-miniere\/","title":{"rendered":"Exploitation mini\u00e8re"},"content":{"rendered":"<p>Le Gouvernement de la Nation Crie soutient et favorise la mise en valeur des ressources min\u00e9rales dans la r\u00e9gion de la Baie-James dans le Nord-du-Qu\u00e9bec, et ce, conform\u00e9ment aux principes \u00e9tablis par la CBJNQ. La Nation Crie reconna\u00eet les possibilit\u00e9s \u00e9conomiques et sociales qu\u2019offre le secteur minier, dans le respect du r\u00e9gime social et environnemental. \u00c0 cet effet, nous avons d\u00e9velopp\u00e9 la Politique mini\u00e8re de la Nation Crie qui \u00e9tablit des lignes directrices \u00e0 l\u2019\u00e9gard d\u2019activit\u00e9s d\u2019exploration et d\u2019exploitation mini\u00e8re en fonction d\u2019un d\u00e9veloppement durable qui respecte les droits et les int\u00e9r\u00eats des Cris.<\/p>\n<p>&nbsp;<\/p>\n<p>&nbsp;<\/p>\n<p>&nbsp;<\/p>\n<p>&nbsp;<\/p>\n","protected":false},"excerpt":{"rendered":"<p>Vers le d\u00e9veloppement durable des ressources min\u00e9rales en Eeyou Istchee<\/p>\n","protected":false},"author":1,"featured_media":1160,"parent":1563,"menu_order":0,"comment_status":"closed","ping_status":"closed","template":"","meta":[],"tags":[],"acf":[],"_links":{"self":[{"href":"https:\/\/www.cngov.ca\/fr\/wp-json\/wp\/v2\/pages\/2508"}],"collection":[{"href":"https:\/\/www.cngov.ca\/fr\/wp-json\/wp\/v2\/pages"}],"about":[{"href":"https:\/\/www.cngov.ca\/fr\/wp-json\/wp\/v2\/types\/page"}],"author":[{"embeddable":true,"href":"https:\/\/www.cngov.ca\/fr\/wp-json\/wp\/v2\/users\/1"}],"replies":[{"embeddable":true,"href":"https:\/\/www.cngov.ca\/fr\/wp-json\/wp\/v2\/comments?post=2508"}],"version-history":[{"count":9,"href":"https:\/\/www.cngov.ca\/fr\/wp-json\/wp\/v2\/pages\/2508\/revisions"}],"predecessor-version":[{"id":2865,"href":"https:\/\/www.cngov.ca\/fr\/wp-json\/wp\/v2\/pages\/2508\/revisions\/2865"}],"up":[{"embeddable":true,"href":"https:\/\/www.cngov.ca\/fr\/wp-json\/wp\/v2\/pages\/1563"}],"wp:featuredmedia":[{"embeddable":true,"href":"https:\/\/www.cngov.ca\/fr\/wp-json\/wp\/v2\/media\/1160"}],"wp:attachment":[{"href":"https:\/\/www.cngov.ca\/fr\/wp-json\/wp\/v2\/media?parent=2508"}],"wp:term":[{"taxonomy":"post_tag","embeddable":true,"href":"https:\/\/www.cngov.ca\/fr\/wp-json\/wp\/v2\/tags?post=2508"}],"curies":[{"name":"wp","href":"https:\/\/api.w.org\/{rel}","templated":true}]}}