{"id":2526,"date":"2017-11-06T17:36:46","date_gmt":"2017-11-06T17:36:46","guid":{"rendered":"https:\/\/stage.cngov.ca\/environnement\/forestry\/"},"modified":"2018-08-08T13:44:12","modified_gmt":"2018-08-08T17:44:12","slug":"foresterie","status":"publish","type":"page","link":"https:\/\/www.cngov.ca\/fr\/environnement\/foresterie\/","title":{"rendered":"Foresterie"},"content":{"rendered":"<p>La for\u00eat, sa gestion et son exploitation, ont toujours \u00e9t\u00e9 le principal sujet de pr\u00e9occupation des Cris, en particulier pour les communaut\u00e9s cries m\u00e9ridionales situ\u00e9es \u00e0 l&rsquo;int\u00e9rieur de la zone d\u2019exploitation commerciale. Ces activit\u00e9s commerciales pr\u00e9sentent un d\u00e9fi pour le Gouvernement de la Nation Crie. Si elles ne sont pas contr\u00f4l\u00e9es, ces activit\u00e9s peuvent avoir des r\u00e9percussions ind\u00e9sirables sur le paysage, les terrains de trappage cris et sur la capacit\u00e9 des Cris de mener un mode de vie actif.<\/p>\n<p>Depuis la signature de la Convention de la Baie-James et du Nord qu\u00e9b\u00e9cois (CBJNQ) en 1975, l\u2019exploitation commerciale des for\u00eats a \u00e9t\u00e9 consid\u00e9r\u00e9e comme une activit\u00e9 inoffensive en raison de la pr\u00e9somption de renouvellement continu des for\u00eats. Cela se refl\u00e8te dans diverses dispositions ambigu\u00ebs au chapitre 22 de la CBJNQ qui exemptent certaines activit\u00e9s foresti\u00e8res (p. ex. les chemins forestiers) du processus d&rsquo;\u00e9valuation environnementale. Pendant des ann\u00e9es, cette consid\u00e9ration ambigu\u00eb de l\u2019exploitation commerciale a men\u00e9 au d\u00e9veloppement d&rsquo;une industrie foresti\u00e8re d\u2019une valeur de plusieurs millions de dollars en Eeyou Istchee. \u00c0 son apog\u00e9e au milieu des ann\u00e9es 1990, les compagnies foresti\u00e8res dans la r\u00e9gion r\u00e9coltaient plus de 5 millions de m\u00e8tres cubes de bois provenant des terrains de trappage cris, et ce, chaque ann\u00e9e.<\/p>\n","protected":false},"excerpt":{"rendered":"<p>La gestion du d\u00e9veloppement forestier en Eeyou Istchee<\/p>\n","protected":false},"author":1,"featured_media":1116,"parent":1563,"menu_order":0,"comment_status":"closed","ping_status":"closed","template":"","meta":[],"tags":[],"acf":[],"_links":{"self":[{"href":"https:\/\/www.cngov.ca\/fr\/wp-json\/wp\/v2\/pages\/2526"}],"collection":[{"href":"https:\/\/www.cngov.ca\/fr\/wp-json\/wp\/v2\/pages"}],"about":[{"href":"https:\/\/www.cngov.ca\/fr\/wp-json\/wp\/v2\/types\/page"}],"author":[{"embeddable":true,"href":"https:\/\/www.cngov.ca\/fr\/wp-json\/wp\/v2\/users\/1"}],"replies":[{"embeddable":true,"href":"https:\/\/www.cngov.ca\/fr\/wp-json\/wp\/v2\/comments?post=2526"}],"version-history":[{"count":4,"href":"https:\/\/www.cngov.ca\/fr\/wp-json\/wp\/v2\/pages\/2526\/revisions"}],"predecessor-version":[{"id":4021,"href":"https:\/\/www.cngov.ca\/fr\/wp-json\/wp\/v2\/pages\/2526\/revisions\/4021"}],"up":[{"embeddable":true,"href":"https:\/\/www.cngov.ca\/fr\/wp-json\/wp\/v2\/pages\/1563"}],"wp:featuredmedia":[{"embeddable":true,"href":"https:\/\/www.cngov.ca\/fr\/wp-json\/wp\/v2\/media\/1116"}],"wp:attachment":[{"href":"https:\/\/www.cngov.ca\/fr\/wp-json\/wp\/v2\/media?parent=2526"}],"wp:term":[{"taxonomy":"post_tag","embeddable":true,"href":"https:\/\/www.cngov.ca\/fr\/wp-json\/wp\/v2\/tags?post=2526"}],"curies":[{"name":"wp","href":"https:\/\/api.w.org\/{rel}","templated":true}]}}