{"id":2574,"date":"2017-11-06T17:13:11","date_gmt":"2017-11-06T17:13:11","guid":{"rendered":"https:\/\/stage.cngov.ca\/agreement\/"},"modified":"2018-03-09T15:30:39","modified_gmt":"2018-03-09T15:30:39","slug":"ententes-et-conventions","status":"publish","type":"page","link":"https:\/\/www.cngov.ca\/fr\/gouvernance-et-structure\/legislation\/ententes-et-conventions\/","title":{"rendered":"Ententes et Conventions"},"content":{"rendered":"<p>Depuis 1975, la Nation Crie a sign\u00e9 plus de 75 ententes et conventions avec les gouvernments f\u00e9d\u00e9ral et provincial. Cette section contient un sommaire des 7 accords cl\u00e9s.<\/p>\n","protected":false},"excerpt":{"rendered":"<p>Ententes principales du Gouvernement de la Nation Crie<\/p>\n","protected":false},"author":1,"featured_media":1148,"parent":2579,"menu_order":0,"comment_status":"closed","ping_status":"closed","template":"","meta":[],"tags":[],"acf":[],"_links":{"self":[{"href":"https:\/\/www.cngov.ca\/fr\/wp-json\/wp\/v2\/pages\/2574"}],"collection":[{"href":"https:\/\/www.cngov.ca\/fr\/wp-json\/wp\/v2\/pages"}],"about":[{"href":"https:\/\/www.cngov.ca\/fr\/wp-json\/wp\/v2\/types\/page"}],"author":[{"embeddable":true,"href":"https:\/\/www.cngov.ca\/fr\/wp-json\/wp\/v2\/users\/1"}],"replies":[{"embeddable":true,"href":"https:\/\/www.cngov.ca\/fr\/wp-json\/wp\/v2\/comments?post=2574"}],"version-history":[{"count":3,"href":"https:\/\/www.cngov.ca\/fr\/wp-json\/wp\/v2\/pages\/2574\/revisions"}],"predecessor-version":[{"id":2577,"href":"https:\/\/www.cngov.ca\/fr\/wp-json\/wp\/v2\/pages\/2574\/revisions\/2577"}],"up":[{"embeddable":true,"href":"https:\/\/www.cngov.ca\/fr\/wp-json\/wp\/v2\/pages\/2579"}],"wp:featuredmedia":[{"embeddable":true,"href":"https:\/\/www.cngov.ca\/fr\/wp-json\/wp\/v2\/media\/1148"}],"wp:attachment":[{"href":"https:\/\/www.cngov.ca\/fr\/wp-json\/wp\/v2\/media?parent=2574"}],"wp:term":[{"taxonomy":"post_tag","embeddable":true,"href":"https:\/\/www.cngov.ca\/fr\/wp-json\/wp\/v2\/tags?post=2574"}],"curies":[{"name":"wp","href":"https:\/\/api.w.org\/{rel}","templated":true}]}}