{"id":5187,"date":"2019-02-05T14:24:38","date_gmt":"2019-02-05T18:24:38","guid":{"rendered":"https:\/\/www.cngov.ca\/?page_id=5187"},"modified":"2019-02-12T15:31:43","modified_gmt":"2019-02-12T19:31:43","slug":"waskaganish-350th-a-year-of-celebration","status":"publish","type":"page","link":"https:\/\/www.cngov.ca\/fr\/waskaganish-350th-a-year-of-celebration\/","title":{"rendered":"350e anniversaire de Waskaganish : une ann\u00e9e de c\u00e9l\u00e9brations"},"content":{"rendered":"","protected":false},"excerpt":{"rendered":"<p>Pour clore une ann\u00e9e de c\u00e9l\u00e9brations, nous partageons avec vous certains des faits saillants du 350e anniversaire de Waskaganish, un \u00e9v\u00e9nement m\u00e9morable exceptionnel.<\/p>\n","protected":false},"author":23,"featured_media":5164,"parent":0,"menu_order":0,"comment_status":"closed","ping_status":"closed","template":"","meta":[],"tags":[],"acf":[],"_links":{"self":[{"href":"https:\/\/www.cngov.ca\/fr\/wp-json\/wp\/v2\/pages\/5187"}],"collection":[{"href":"https:\/\/www.cngov.ca\/fr\/wp-json\/wp\/v2\/pages"}],"about":[{"href":"https:\/\/www.cngov.ca\/fr\/wp-json\/wp\/v2\/types\/page"}],"author":[{"embeddable":true,"href":"https:\/\/www.cngov.ca\/fr\/wp-json\/wp\/v2\/users\/23"}],"replies":[{"embeddable":true,"href":"https:\/\/www.cngov.ca\/fr\/wp-json\/wp\/v2\/comments?post=5187"}],"version-history":[{"count":5,"href":"https:\/\/www.cngov.ca\/fr\/wp-json\/wp\/v2\/pages\/5187\/revisions"}],"predecessor-version":[{"id":5320,"href":"https:\/\/www.cngov.ca\/fr\/wp-json\/wp\/v2\/pages\/5187\/revisions\/5320"}],"wp:featuredmedia":[{"embeddable":true,"href":"https:\/\/www.cngov.ca\/fr\/wp-json\/wp\/v2\/media\/5164"}],"wp:attachment":[{"href":"https:\/\/www.cngov.ca\/fr\/wp-json\/wp\/v2\/media?parent=5187"}],"wp:term":[{"taxonomy":"post_tag","embeddable":true,"href":"https:\/\/www.cngov.ca\/fr\/wp-json\/wp\/v2\/tags?post=5187"}],"curies":[{"name":"wp","href":"https:\/\/api.w.org\/{rel}","templated":true}]}}