{"id":6602,"date":"2019-09-18T09:23:50","date_gmt":"2019-09-18T13:23:50","guid":{"rendered":"https:\/\/www.cngov.ca\/gouvernance-et-structure\/legislation\/cree-laws\/"},"modified":"2019-09-18T11:36:49","modified_gmt":"2019-09-18T15:36:49","slug":"cree-laws","status":"publish","type":"page","link":"https:\/\/www.cngov.ca\/fr\/gouvernance-et-structure\/legislation\/cree-laws\/","title":{"rendered":"Lois"},"content":{"rendered":"<p>Sign\u00e9e en 2017, l\u2019Entente sur la gouvernance \u00e9tablit le pouvoir du Gouvernement de la Nation Crie d\u2019adopter ses propres lois en Eeyou Istchee. Au 17 septembre 2019, une (1) loi a \u00e9t\u00e9 adopt\u00e9e officiellement.<\/p>\n","protected":false},"excerpt":{"rendered":"<p>Lois adopt\u00e9es par le Gouvernement de la Nation Crie<\/p>\n","protected":false},"author":23,"featured_media":6581,"parent":2579,"menu_order":0,"comment_status":"closed","ping_status":"closed","template":"","meta":[],"tags":[295,296],"acf":[],"_links":{"self":[{"href":"https:\/\/www.cngov.ca\/fr\/wp-json\/wp\/v2\/pages\/6602"}],"collection":[{"href":"https:\/\/www.cngov.ca\/fr\/wp-json\/wp\/v2\/pages"}],"about":[{"href":"https:\/\/www.cngov.ca\/fr\/wp-json\/wp\/v2\/types\/page"}],"author":[{"embeddable":true,"href":"https:\/\/www.cngov.ca\/fr\/wp-json\/wp\/v2\/users\/23"}],"replies":[{"embeddable":true,"href":"https:\/\/www.cngov.ca\/fr\/wp-json\/wp\/v2\/comments?post=6602"}],"version-history":[{"count":11,"href":"https:\/\/www.cngov.ca\/fr\/wp-json\/wp\/v2\/pages\/6602\/revisions"}],"predecessor-version":[{"id":6628,"href":"https:\/\/www.cngov.ca\/fr\/wp-json\/wp\/v2\/pages\/6602\/revisions\/6628"}],"up":[{"embeddable":true,"href":"https:\/\/www.cngov.ca\/fr\/wp-json\/wp\/v2\/pages\/2579"}],"wp:featuredmedia":[{"embeddable":true,"href":"https:\/\/www.cngov.ca\/fr\/wp-json\/wp\/v2\/media\/6581"}],"wp:attachment":[{"href":"https:\/\/www.cngov.ca\/fr\/wp-json\/wp\/v2\/media?parent=6602"}],"wp:term":[{"taxonomy":"post_tag","embeddable":true,"href":"https:\/\/www.cngov.ca\/fr\/wp-json\/wp\/v2\/tags?post=6602"}],"curies":[{"name":"wp","href":"https:\/\/api.w.org\/{rel}","templated":true}]}}